{"id":10706,"date":"2023-04-21T07:44:05","date_gmt":"2023-04-21T05:44:05","guid":{"rendered":"https:\/\/kjulcamping.dk\/referenzen\/"},"modified":"2025-06-04T14:00:56","modified_gmt":"2025-06-04T12:00:56","slug":"referenzen","status":"publish","type":"page","link":"https:\/\/kjulcamping.dk\/de\/referenzen\/","title":{"rendered":"Referenzen"},"content":{"rendered":"\t\t<div data-elementor-type=\"wp-page\" data-elementor-id=\"10706\" class=\"elementor elementor-10706 elementor-4047\" data-elementor-post-type=\"page\">\n\t\t\t\t<div class=\"elementor-element elementor-element-299ec87c e-con-full no-padding e-flex e-con e-parent\" data-id=\"299ec87c\" data-element_type=\"container\" data-e-type=\"container\">\n\t\t\t\t<div class=\"elementor-element elementor-element-7ff8d34 elementor-widget elementor-widget-template\" data-id=\"7ff8d34\" data-element_type=\"widget\" data-e-type=\"widget\" data-widget_type=\"template.default\">\n\t\t\t\t<div class=\"elementor-widget-container\">\n\t\t\t\t\t\t\t<div class=\"elementor-template\">\n\t\t\t\t\t<div data-elementor-type=\"container\" data-elementor-id=\"10520\" class=\"elementor elementor-10520 elementor-6563 elementor-6563\" data-elementor-post-type=\"elementor_library\">\n\t\t\t\t<div class=\"elementor-element elementor-element-6b499f1f e-con-full no-padding e-flex e-con e-parent\" data-id=\"6b499f1f\" data-element_type=\"container\" data-e-type=\"container\">\n\t\t\t\t<div class=\"elementor-element elementor-element-1ecbb66 elementor-widget elementor-widget-template\" data-id=\"1ecbb66\" data-element_type=\"widget\" data-e-type=\"widget\" data-widget_type=\"template.default\">\n\t\t\t\t<div class=\"elementor-widget-container\">\n\t\t\t\t\t\t\t<div class=\"elementor-template\">\n\t\t\t\t\t<div data-elementor-type=\"container\" data-elementor-id=\"10670\" class=\"elementor elementor-10670 elementor-6542 elementor-6542 elementor-6542\" data-elementor-post-type=\"elementor_library\">\n\t\t\t\t<div class=\"elementor-element elementor-element-2bc4b5ab white e-flex e-con-boxed e-con e-parent\" data-id=\"2bc4b5ab\" data-element_type=\"container\" data-e-type=\"container\" data-settings=\"{&quot;background_background&quot;:&quot;classic&quot;}\">\n\t\t\t\t\t<div class=\"e-con-inner\">\n\t\t\t\t<div class=\"elementor-element elementor-element-76aa15a9 elementor-widget elementor-widget-text-editor\" data-id=\"76aa15a9\" data-element_type=\"widget\" data-e-type=\"widget\" data-widget_type=\"text-editor.default\">\n\t\t\t\t<div class=\"elementor-widget-container\">\n\t\t\t\t\t\t\t\t\tWir k\u00fcmmern uns um Ihren n\u00e4chsten Auftrag. Hier erhalten Sie einen Einblick in das, womit wir Ihnen in diesem Bereich helfen k\u00f6nnen.\t\t\t\t\t\t\t\t<\/div>\n\t\t\t\t<\/div>\n\t\t\t\t<div class=\"elementor-element elementor-element-1d645c29 elementor-icon-list--layout-inline elementor-align-center elementor-list-item-link-full_width elementor-widget elementor-widget-icon-list\" data-id=\"1d645c29\" data-element_type=\"widget\" data-e-type=\"widget\" data-widget_type=\"icon-list.default\">\n\t\t\t\t<div class=\"elementor-widget-container\">\n\t\t\t\t\t\t\t<ul class=\"elementor-icon-list-items elementor-inline-items\">\n\t\t\t\t\t\t\t<li class=\"elementor-icon-list-item elementor-inline-item\">\n\t\t\t\t\t\t\t\t\t\t<span class=\"elementor-icon-list-text\"><a href=\"tel:+45 60 53 81 20\" aria-label=\"Telefon nummer\">+45 60 53 81 20<\/a><\/span>\n\t\t\t\t\t\t\t\t\t<\/li>\n\t\t\t\t\t\t\t\t<li class=\"elementor-icon-list-item elementor-inline-item\">\n\t\t\t\t\t\t\t\t\t\t<span class=\"elementor-icon-list-text\"><a href=\"mailto:info@kjulcamping.dk\" aria-label=\"Email adresse\">info@kjulcamping.dk<\/a><\/span>\n\t\t\t\t\t\t\t\t\t<\/li>\n\t\t\t\t\t\t<\/ul>\n\t\t\t\t\t\t<\/div>\n\t\t\t\t<\/div>\n\t\t\t\t\t<\/div>\n\t\t\t\t<\/div>\n\t\t\t\t<\/div>\n\t\t\t\t<\/div>\n\t\t\t\t\t\t<\/div>\n\t\t\t\t<\/div>\n\t\t\t\t<\/div>\n\t\t\t\t<\/div>\n\t\t\t\t<\/div>\n\t\t\t\t\t\t<\/div>\n\t\t\t\t<\/div>\n\t\t\t\t<\/div>\n\t\t<div class=\"elementor-element elementor-element-24a0dac5 e-flex e-con-boxed e-con e-parent\" data-id=\"24a0dac5\" data-element_type=\"container\" data-e-type=\"container\">\n\t\t\t\t\t<div class=\"e-con-inner\">\n\t\t\t\t<div class=\"elementor-element elementor-element-2dd8b3bd elementor-widget__width-initial elementor-widget elementor-widget-text-editor\" data-id=\"2dd8b3bd\" data-element_type=\"widget\" data-e-type=\"widget\" data-widget_type=\"text-editor.default\">\n\t\t\t\t<div class=\"elementor-widget-container\">\n\t\t\t\t\t\t\t\t\t<h2 style=\"text-align: center;\">Unsere j\u00fcngste Arbeit<\/h2><p style=\"text-align: center;\">Wir f\u00fchren eine breite Palette von Aufgaben aus &#8211; sehen Sie hier unsere neuesten Referenzen.<\/p>\t\t\t\t\t\t\t\t<\/div>\n\t\t\t\t<\/div>\n\t\t\t\t<div class=\"elementor-element elementor-element-3dabd3d6 elementor-grid-3 elementor-grid-tablet-2 elementor-grid-mobile-1 elementor-widget elementor-widget-loop-grid\" data-id=\"3dabd3d6\" data-element_type=\"widget\" data-e-type=\"widget\" data-settings=\"{&quot;row_gap&quot;:{&quot;unit&quot;:&quot;px&quot;,&quot;size&quot;:30,&quot;sizes&quot;:[]},&quot;template_id&quot;:10524,&quot;_skin&quot;:&quot;post&quot;,&quot;columns&quot;:&quot;3&quot;,&quot;columns_tablet&quot;:&quot;2&quot;,&quot;columns_mobile&quot;:&quot;1&quot;,&quot;edit_handle_selector&quot;:&quot;[data-elementor-type=\\&quot;loop-item\\&quot;]&quot;,&quot;row_gap_laptop&quot;:{&quot;unit&quot;:&quot;px&quot;,&quot;size&quot;:&quot;&quot;,&quot;sizes&quot;:[]},&quot;row_gap_tablet&quot;:{&quot;unit&quot;:&quot;px&quot;,&quot;size&quot;:&quot;&quot;,&quot;sizes&quot;:[]},&quot;row_gap_mobile&quot;:{&quot;unit&quot;:&quot;px&quot;,&quot;size&quot;:&quot;&quot;,&quot;sizes&quot;:[]}}\" data-widget_type=\"loop-grid.post\">\n\t\t\t\t<div class=\"elementor-widget-container\">\n\t\t\t\t\t\t\t<div class=\"elementor-loop-container elementor-grid\" role=\"list\">\n\t\t<style id=\"loop-10524\">.elementor-10524 .elementor-element.elementor-element-9ffe2ed{--display:flex;--flex-direction:column;--container-widget-width:100%;--container-widget-height:initial;--container-widget-flex-grow:0;--container-widget-align-self:initial;--flex-wrap-mobile:wrap;--gap:0px 0px;--row-gap:0px;--column-gap:0px;--padding-top:0px;--padding-bottom:0px;--padding-left:0px;--padding-right:0px;}.elementor-10524 .elementor-element.elementor-element-c771662 img{width:100%;height:250px;object-fit:cover;object-position:center center;}.elementor-10524 .elementor-element.elementor-element-3f206cf{--display:flex;--gap:10px 0px;--row-gap:10px;--column-gap:0px;--padding-top:30px;--padding-bottom:30px;--padding-left:30px;--padding-right:30px;}.elementor-10524 .elementor-element.elementor-element-29514ca > .elementor-widget-container{margin:10px 0px 0px 0px;}<\/style>\t\t<div data-elementor-type=\"loop-item\" data-elementor-id=\"10524\" class=\"elementor elementor-10524 elementor-5434 elementor-5434 e-loop-item e-loop-item-10342 post-10342 post type-post status-publish format-standard has-post-thumbnail hentry category-unkategorisiert\" data-elementor-post-type=\"elementor_library\" data-custom-edit-handle=\"1\">\n\t\t\t<div class=\"elementor-element elementor-element-9ffe2ed e-con-full light e-flex e-con e-parent\" data-id=\"9ffe2ed\" data-element_type=\"container\" data-e-type=\"container\" data-settings=\"{&quot;background_background&quot;:&quot;classic&quot;}\">\n\t\t\t\t<div class=\"elementor-element elementor-element-c771662 elementor-widget elementor-widget-theme-post-featured-image elementor-widget-image\" data-id=\"c771662\" data-element_type=\"widget\" data-e-type=\"widget\" data-widget_type=\"theme-post-featured-image.default\">\n\t\t\t\t<div class=\"elementor-widget-container\">\n\t\t\t\t\t\t\t\t\t\t\t\t\t\t\t<img fetchpriority=\"high\" decoding=\"async\" width=\"1732\" height=\"1732\" src=\"https:\/\/kjulcamping.dk\/wp-content\/uploads\/2020\/02\/placeholder.jpg\" class=\"attachment-full size-full wp-image-9846\" alt=\"\" srcset=\"https:\/\/kjulcamping.dk\/wp-content\/uploads\/2020\/02\/placeholder.jpg 1732w, https:\/\/kjulcamping.dk\/wp-content\/uploads\/2020\/02\/placeholder-300x300.jpg 300w, https:\/\/kjulcamping.dk\/wp-content\/uploads\/2020\/02\/placeholder-1024x1024.jpg 1024w, https:\/\/kjulcamping.dk\/wp-content\/uploads\/2020\/02\/placeholder-150x150.jpg 150w, https:\/\/kjulcamping.dk\/wp-content\/uploads\/2020\/02\/placeholder-768x768.jpg 768w, https:\/\/kjulcamping.dk\/wp-content\/uploads\/2020\/02\/placeholder-1536x1536.jpg 1536w, https:\/\/kjulcamping.dk\/wp-content\/uploads\/2020\/02\/elementor\/thumbs\/placeholder-qf1stq9n04dkagv3fhm6r3mw0hc8v3g4ehxspa2mrs.jpg 20w\" sizes=\"(max-width: 1732px) 100vw, 1732px\" \/>\t\t\t\t\t\t\t\t\t\t\t\t\t\t\t<\/div>\n\t\t\t\t<\/div>\n\t\t<div class=\"elementor-element elementor-element-3f206cf e-con-full e-flex e-con e-child\" data-id=\"3f206cf\" data-element_type=\"container\" data-e-type=\"container\">\n\t\t\t\t<div class=\"elementor-element elementor-element-d1a1029 elementor-widget elementor-widget-theme-post-title elementor-page-title elementor-widget-heading\" data-id=\"d1a1029\" data-element_type=\"widget\" data-e-type=\"widget\" data-widget_type=\"theme-post-title.default\">\n\t\t\t\t<div class=\"elementor-widget-container\">\n\t\t\t\t\t<h4 class=\"elementor-heading-title elementor-size-default\">Referenz<\/h4>\t\t\t\t<\/div>\n\t\t\t\t<\/div>\n\t\t\t\t<div class=\"elementor-element elementor-element-01363cc elementor-widget elementor-widget-theme-post-excerpt\" data-id=\"01363cc\" data-element_type=\"widget\" data-e-type=\"widget\" data-widget_type=\"theme-post-excerpt.default\">\n\t\t\t\t<div class=\"elementor-widget-container\">\n\t\t\t\t\tSehen Sie hier weitere unserer Projekte und Referenzen.\t\t\t\t<\/div>\n\t\t\t\t<\/div>\n\t\t\t\t<div class=\"elementor-element elementor-element-29514ca elementor-widget elementor-widget-button\" data-id=\"29514ca\" data-element_type=\"widget\" data-e-type=\"widget\" data-widget_type=\"button.default\">\n\t\t\t\t<div class=\"elementor-widget-container\">\n\t\t\t\t\t\t\t\t\t<div class=\"elementor-button-wrapper\">\n\t\t\t\t\t<a class=\"elementor-button elementor-button-link elementor-size-xs\" href=\"https:\/\/kjulcamping.dk\/de\/referenz\/\">\n\t\t\t\t\t\t<span class=\"elementor-button-content-wrapper\">\n\t\t\t\t\t\t\t\t\t<span class=\"elementor-button-text\">Lesen Sie mehr dar\u00fcber<\/span>\n\t\t\t\t\t<\/span>\n\t\t\t\t\t<\/a>\n\t\t\t\t<\/div>\n\t\t\t\t\t\t\t\t<\/div>\n\t\t\t\t<\/div>\n\t\t\t\t<\/div>\n\t\t\t\t<\/div>\n\t\t\t\t<\/div>\n\t\t\t\t<\/div>\n\t\t\n\t\t\t\t\t\t<\/div>\n\t\t\t\t<\/div>\n\t\t\t\t<div class=\"elementor-element elementor-element-4adc9891 elementor-widget elementor-widget-shortcode\" data-id=\"4adc9891\" data-element_type=\"widget\" data-e-type=\"widget\" data-widget_type=\"shortcode.default\">\n\t\t\t\t<div class=\"elementor-widget-container\">\n\t\t\t\t\t\t\t<div class=\"elementor-shortcode\">\t\t\t<div class=\"forminator-custom-form\">\n\t\t\t\t\t\t\t<\/div>\n\t\t\t<\/div>\n\t\t\t\t\t\t<\/div>\n\t\t\t\t<\/div>\n\t\t\t\t\t<\/div>\n\t\t\t\t<\/div>\n\t\t\t\t<\/div>\n\t\t","protected":false},"excerpt":{"rendered":"<p>Unsere j\u00fcngste Arbeit Wir f\u00fchren eine breite Palette von Aufgaben aus &#8211; sehen Sie hier unsere neuesten Referenzen.<\/p>\n","protected":false},"author":1,"featured_media":0,"parent":0,"menu_order":0,"comment_status":"closed","ping_status":"closed","template":"","meta":{"_acf_changed":false,"footnotes":""},"categories":[],"class_list":["post-10706","page","type-page","status-publish","hentry"],"acf":[],"yoast_head":"<!-- This site is optimized with the Yoast SEO plugin v26.8 - https:\/\/yoast.com\/product\/yoast-seo-wordpress\/ -->\n<title>Referenzen | Kjul strand Camping<\/title>\n<meta name=\"robots\" content=\"index, follow, max-snippet:-1, max-image-preview:large, max-video-preview:-1\" \/>\n<link rel=\"canonical\" href=\"https:\/\/kjulcamping.dk\/de\/referenzen\/\" \/>\n<meta property=\"og:locale\" content=\"de_DE\" \/>\n<meta property=\"og:type\" content=\"article\" \/>\n<meta property=\"og:title\" content=\"Referenzen | Kjul strand Camping\" \/>\n<meta property=\"og:description\" content=\"Unsere j\u00fcngste Arbeit Wir f\u00fchren eine breite Palette von Aufgaben aus &#8211; sehen Sie hier unsere neuesten Referenzen.\" \/>\n<meta property=\"og:url\" content=\"https:\/\/kjulcamping.dk\/de\/referenzen\/\" \/>\n<meta property=\"og:site_name\" content=\"Kjul strand Camping\" \/>\n<meta property=\"article:modified_time\" content=\"2025-06-04T12:00:56+00:00\" \/>\n<meta name=\"twitter:card\" content=\"summary_large_image\" \/>\n<script type=\"application\/ld+json\" class=\"yoast-schema-graph\">{\"@context\":\"https:\/\/schema.org\",\"@graph\":[{\"@type\":\"WebPage\",\"@id\":\"https:\/\/kjulcamping.dk\/de\/referenzen\/\",\"url\":\"https:\/\/kjulcamping.dk\/de\/referenzen\/\",\"name\":\"Referenzen | Kjul strand Camping\",\"isPartOf\":{\"@id\":\"https:\/\/kjulcamping.dk\/#website\"},\"datePublished\":\"2023-04-21T05:44:05+00:00\",\"dateModified\":\"2025-06-04T12:00:56+00:00\",\"breadcrumb\":{\"@id\":\"https:\/\/kjulcamping.dk\/de\/referenzen\/#breadcrumb\"},\"inLanguage\":\"de\",\"potentialAction\":[{\"@type\":\"ReadAction\",\"target\":[\"https:\/\/kjulcamping.dk\/de\/referenzen\/\"]}]},{\"@type\":\"BreadcrumbList\",\"@id\":\"https:\/\/kjulcamping.dk\/de\/referenzen\/#breadcrumb\",\"itemListElement\":[{\"@type\":\"ListItem\",\"position\":1,\"name\":\"Forside\",\"item\":\"https:\/\/kjulcamping.dk\/de\/hauptseite\/\"},{\"@type\":\"ListItem\",\"position\":2,\"name\":\"Referenzen\"}]},{\"@type\":\"WebSite\",\"@id\":\"https:\/\/kjulcamping.dk\/#website\",\"url\":\"https:\/\/kjulcamping.dk\/\",\"name\":\"Kjul strand Camping\",\"description\":\"Campingpladser med udsigt til hav og natur\",\"publisher\":{\"@id\":\"https:\/\/kjulcamping.dk\/#organization\"},\"potentialAction\":[{\"@type\":\"SearchAction\",\"target\":{\"@type\":\"EntryPoint\",\"urlTemplate\":\"https:\/\/kjulcamping.dk\/?s={search_term_string}\"},\"query-input\":{\"@type\":\"PropertyValueSpecification\",\"valueRequired\":true,\"valueName\":\"search_term_string\"}}],\"inLanguage\":\"de\"},{\"@type\":\"Organization\",\"@id\":\"https:\/\/kjulcamping.dk\/#organization\",\"name\":\"Kjul strand Camping\",\"url\":\"https:\/\/kjulcamping.dk\/\",\"logo\":{\"@type\":\"ImageObject\",\"inLanguage\":\"de\",\"@id\":\"https:\/\/kjulcamping.dk\/#\/schema\/logo\/image\/\",\"url\":\"https:\/\/kjulcamping.dk\/wp-content\/uploads\/2025\/02\/cropped-Kjul__Stran2d_Camping_logo.png\",\"contentUrl\":\"https:\/\/kjulcamping.dk\/wp-content\/uploads\/2025\/02\/cropped-Kjul__Stran2d_Camping_logo.png\",\"width\":1033,\"height\":405,\"caption\":\"Kjul strand Camping\"},\"image\":{\"@id\":\"https:\/\/kjulcamping.dk\/#\/schema\/logo\/image\/\"}}]}<\/script>\n<!-- \/ Yoast SEO plugin. -->","yoast_head_json":{"title":"Referenzen | Kjul strand Camping","robots":{"index":"index","follow":"follow","max-snippet":"max-snippet:-1","max-image-preview":"max-image-preview:large","max-video-preview":"max-video-preview:-1"},"canonical":"https:\/\/kjulcamping.dk\/de\/referenzen\/","og_locale":"de_DE","og_type":"article","og_title":"Referenzen | Kjul strand Camping","og_description":"Unsere j\u00fcngste Arbeit Wir f\u00fchren eine breite Palette von Aufgaben aus &#8211; sehen Sie hier unsere neuesten Referenzen.","og_url":"https:\/\/kjulcamping.dk\/de\/referenzen\/","og_site_name":"Kjul strand Camping","article_modified_time":"2025-06-04T12:00:56+00:00","twitter_card":"summary_large_image","schema":{"@context":"https:\/\/schema.org","@graph":[{"@type":"WebPage","@id":"https:\/\/kjulcamping.dk\/de\/referenzen\/","url":"https:\/\/kjulcamping.dk\/de\/referenzen\/","name":"Referenzen | Kjul strand Camping","isPartOf":{"@id":"https:\/\/kjulcamping.dk\/#website"},"datePublished":"2023-04-21T05:44:05+00:00","dateModified":"2025-06-04T12:00:56+00:00","breadcrumb":{"@id":"https:\/\/kjulcamping.dk\/de\/referenzen\/#breadcrumb"},"inLanguage":"de","potentialAction":[{"@type":"ReadAction","target":["https:\/\/kjulcamping.dk\/de\/referenzen\/"]}]},{"@type":"BreadcrumbList","@id":"https:\/\/kjulcamping.dk\/de\/referenzen\/#breadcrumb","itemListElement":[{"@type":"ListItem","position":1,"name":"Forside","item":"https:\/\/kjulcamping.dk\/de\/hauptseite\/"},{"@type":"ListItem","position":2,"name":"Referenzen"}]},{"@type":"WebSite","@id":"https:\/\/kjulcamping.dk\/#website","url":"https:\/\/kjulcamping.dk\/","name":"Kjul strand Camping","description":"Campingpladser med udsigt til hav og natur","publisher":{"@id":"https:\/\/kjulcamping.dk\/#organization"},"potentialAction":[{"@type":"SearchAction","target":{"@type":"EntryPoint","urlTemplate":"https:\/\/kjulcamping.dk\/?s={search_term_string}"},"query-input":{"@type":"PropertyValueSpecification","valueRequired":true,"valueName":"search_term_string"}}],"inLanguage":"de"},{"@type":"Organization","@id":"https:\/\/kjulcamping.dk\/#organization","name":"Kjul strand Camping","url":"https:\/\/kjulcamping.dk\/","logo":{"@type":"ImageObject","inLanguage":"de","@id":"https:\/\/kjulcamping.dk\/#\/schema\/logo\/image\/","url":"https:\/\/kjulcamping.dk\/wp-content\/uploads\/2025\/02\/cropped-Kjul__Stran2d_Camping_logo.png","contentUrl":"https:\/\/kjulcamping.dk\/wp-content\/uploads\/2025\/02\/cropped-Kjul__Stran2d_Camping_logo.png","width":1033,"height":405,"caption":"Kjul strand Camping"},"image":{"@id":"https:\/\/kjulcamping.dk\/#\/schema\/logo\/image\/"}}]}},"_links":{"self":[{"href":"https:\/\/kjulcamping.dk\/de\/wp-json\/wp\/v2\/pages\/10706","targetHints":{"allow":["GET"]}}],"collection":[{"href":"https:\/\/kjulcamping.dk\/de\/wp-json\/wp\/v2\/pages"}],"about":[{"href":"https:\/\/kjulcamping.dk\/de\/wp-json\/wp\/v2\/types\/page"}],"author":[{"embeddable":true,"href":"https:\/\/kjulcamping.dk\/de\/wp-json\/wp\/v2\/users\/1"}],"replies":[{"embeddable":true,"href":"https:\/\/kjulcamping.dk\/de\/wp-json\/wp\/v2\/comments?post=10706"}],"version-history":[{"count":2,"href":"https:\/\/kjulcamping.dk\/de\/wp-json\/wp\/v2\/pages\/10706\/revisions"}],"predecessor-version":[{"id":10715,"href":"https:\/\/kjulcamping.dk\/de\/wp-json\/wp\/v2\/pages\/10706\/revisions\/10715"}],"wp:attachment":[{"href":"https:\/\/kjulcamping.dk\/de\/wp-json\/wp\/v2\/media?parent=10706"}],"wp:term":[{"taxonomy":"category","embeddable":true,"href":"https:\/\/kjulcamping.dk\/de\/wp-json\/wp\/v2\/categories?post=10706"}],"curies":[{"name":"wp","href":"https:\/\/api.w.org\/{rel}","templated":true}]}}